{"id":279,"date":"2024-08-14T04:17:36","date_gmt":"2024-08-14T04:17:36","guid":{"rendered":"https:\/\/charmmedia.net\/?page_id=279"},"modified":"2024-08-14T05:26:14","modified_gmt":"2024-08-14T05:26:14","slug":"soluciones-personalizadas-adaptadas-a-sus-necesidades","status":"publish","type":"page","link":"https:\/\/charmmedia.net\/es\/nuestros-servicios\/soluciones-personalizadas-adaptadas-a-sus-necesidades\/","title":{"rendered":"Soluciones personalizadas adaptadas a sus necesidades"},"content":{"rendered":"<div data-elementor-type=\"wp-page\" data-elementor-id=\"279\" class=\"elementor elementor-279\" data-elementor-post-type=\"page\">\n\t\t\t\t\t\t<section class=\"elementor-section elementor-top-section elementor-element elementor-element-aaae007 elementor-section-boxed elementor-section-height-default elementor-section-height-default\" data-id=\"aaae007\" data-element_type=\"section\" data-settings=\"{&quot;background_background&quot;:&quot;classic&quot;}\">\n\t\t\t\t\t\t\t<div class=\"elementor-background-overlay\"><\/div>\n\t\t\t\t\t\t\t<div class=\"elementor-container elementor-column-gap-default\">\n\t\t\t\t\t<div class=\"elementor-column elementor-col-100 elementor-top-column elementor-element elementor-element-9c3201b\" data-id=\"9c3201b\" data-element_type=\"column\">\n\t\t\t<div class=\"elementor-widget-wrap elementor-element-populated\">\n\t\t\t\t\t\t<div class=\"elementor-element elementor-element-ab75d9f elementor-widget elementor-widget-heading\" data-id=\"ab75d9f\" data-element_type=\"widget\" data-widget_type=\"heading.default\">\n\t\t\t\t<div class=\"elementor-widget-container\">\n\t\t\t\t\t<h1 class=\"elementor-heading-title elementor-size-default\">Soluciones personalizadas adaptadas a sus necesidades<\/h1>\t\t\t\t<\/div>\n\t\t\t\t<\/div>\n\t\t\t\t\t<\/div>\n\t\t<\/div>\n\t\t\t\t\t<\/div>\n\t\t<\/section>\n\t\t\t\t<section class=\"elementor-section elementor-top-section elementor-element elementor-element-1ab92795 elementor-section-content-top elementor-reverse-tablet elementor-reverse-mobile elementor-section-boxed elementor-section-height-default elementor-section-height-default\" data-id=\"1ab92795\" data-element_type=\"section\" data-settings=\"{&quot;background_background&quot;:&quot;classic&quot;}\">\n\t\t\t\t\t\t<div class=\"elementor-container elementor-column-gap-wider\">\n\t\t\t\t\t<div class=\"elementor-column elementor-col-50 elementor-top-column elementor-element elementor-element-6c58d2f0\" data-id=\"6c58d2f0\" data-element_type=\"column\">\n\t\t\t<div class=\"elementor-widget-wrap elementor-element-populated\">\n\t\t\t\t\t\t<div class=\"elementor-element elementor-element-2f746aed elementor-invisible elementor-widget elementor-widget-text-editor\" data-id=\"2f746aed\" data-element_type=\"widget\" data-settings=\"{&quot;_animation&quot;:&quot;fadeIn&quot;}\" data-widget_type=\"text-editor.default\">\n\t\t\t\t<div class=\"elementor-widget-container\">\n\t\t\t\t\t\t\t\t\t<p>Entendemos que cada empresa es \u00fanica y que a veces puede necesitar servicios especializados que van m\u00e1s all\u00e1 de nuestra oferta est\u00e1ndar.<\/p><p>Ya sea que est\u00e9s buscando una estrategia de marketing \u00fanica, un servicio de consultor\u00eda especializado o soluciones innovadoras adaptadas a tus desaf\u00edos espec\u00edficos, \u00a1estamos aqu\u00ed para ayudarte!<\/p>\t\t\t\t\t\t\t\t<\/div>\n\t\t\t\t<\/div>\n\t\t\t\t<div class=\"elementor-element elementor-element-91b6d29 animated-slow elementor-invisible elementor-widget elementor-widget-heading\" data-id=\"91b6d29\" data-element_type=\"widget\" data-settings=\"{&quot;_animation&quot;:&quot;fadeInUp&quot;}\" data-widget_type=\"heading.default\">\n\t\t\t\t<div class=\"elementor-widget-container\">\n\t\t\t\t\t<h5 class=\"elementor-heading-title elementor-size-default\">Soluciones personalizadas de calidad<\/h5>\t\t\t\t<\/div>\n\t\t\t\t<\/div>\n\t\t\t\t<div class=\"elementor-element elementor-element-3533777 elementor-icon-list--layout-traditional elementor-list-item-link-full_width elementor-widget elementor-widget-icon-list\" data-id=\"3533777\" data-element_type=\"widget\" data-widget_type=\"icon-list.default\">\n\t\t\t\t<div class=\"elementor-widget-container\">\n\t\t\t\t\t\t\t<ul class=\"elementor-icon-list-items\">\n\t\t\t\t\t\t\t<li class=\"elementor-icon-list-item\">\n\t\t\t\t\t\t\t\t\t\t\t<span class=\"elementor-icon-list-icon\">\n\t\t\t\t\t\t\t<i aria-hidden=\"true\" class=\"fas fa-check\"><\/i>\t\t\t\t\t\t<\/span>\n\t\t\t\t\t\t\t\t\t\t<span class=\"elementor-icon-list-text\">Enfoque personalizado: Nos tomamos el tiempo para comprender tus necesidades y desaf\u00edos espec\u00edficos, lo que nos permite desarrollar soluciones personalizadas que se alineen con tus objetivos comerciales.<\/span>\n\t\t\t\t\t\t\t\t\t<\/li>\n\t\t\t\t\t\t\t\t<li class=\"elementor-icon-list-item\">\n\t\t\t\t\t\t\t\t\t\t\t<span class=\"elementor-icon-list-icon\">\n\t\t\t\t\t\t\t<i aria-hidden=\"true\" class=\"fas fa-check\"><\/i>\t\t\t\t\t\t<\/span>\n\t\t\t\t\t\t\t\t\t\t<span class=\"elementor-icon-list-text\">Orientaci\u00f3n experta: Nuestro equipo de profesionales experimentados aporta una gran cantidad de conocimientos y experiencia en diversas industrias, lo que garantiza que reciba el mejor asesoramiento y apoyo.<\/span>\n\t\t\t\t\t\t\t\t\t<\/li>\n\t\t\t\t\t\t\t\t<li class=\"elementor-icon-list-item\">\n\t\t\t\t\t\t\t\t\t\t\t<span class=\"elementor-icon-list-icon\">\n\t\t\t\t\t\t\t<i aria-hidden=\"true\" class=\"fas fa-check\"><\/i>\t\t\t\t\t\t<\/span>\n\t\t\t\t\t\t\t\t\t\t<span class=\"elementor-icon-list-text\">Servicios flexibles: Ofrecemos una gama de servicios flexibles que se pueden adaptar a tus requisitos \u00fanicos, ya sea que necesites soporte a corto plazo o planificaci\u00f3n estrat\u00e9gica a largo plazo.<\/span>\n\t\t\t\t\t\t\t\t\t<\/li>\n\t\t\t\t\t\t\t\t<li class=\"elementor-icon-list-item\">\n\t\t\t\t\t\t\t\t\t\t\t<span class=\"elementor-icon-list-icon\">\n\t\t\t\t\t\t\t<i aria-hidden=\"true\" class=\"fas fa-check\"><\/i>\t\t\t\t\t\t<\/span>\n\t\t\t\t\t\t\t\t\t\t<span class=\"elementor-icon-list-text\">Compromiso con tu \u00e9xito: Tu \u00e9xito es nuestra prioridad. Nos dedicamos a proporcionarte las herramientas y estrategias que necesitas para prosperar en el panorama competitivo actual.<\/span>\n\t\t\t\t\t\t\t\t\t<\/li>\n\t\t\t\t\t\t<\/ul>\n\t\t\t\t\t\t<\/div>\n\t\t\t\t<\/div>\n\t\t\t\t\t<\/div>\n\t\t<\/div>\n\t\t\t\t<div class=\"elementor-column elementor-col-50 elementor-top-column elementor-element elementor-element-47cae33 elementor-invisible\" data-id=\"47cae33\" data-element_type=\"column\" data-settings=\"{&quot;background_background&quot;:&quot;classic&quot;,&quot;animation&quot;:&quot;fadeIn&quot;}\">\n\t\t\t<div class=\"elementor-widget-wrap elementor-element-populated\">\n\t\t\t\t\t\t<div class=\"elementor-element elementor-element-78a76b7 elementor-widget elementor-widget-spacer\" data-id=\"78a76b7\" data-element_type=\"widget\" data-widget_type=\"spacer.default\">\n\t\t\t\t<div class=\"elementor-widget-container\">\n\t\t\t\t\t\t\t<div class=\"elementor-spacer\">\n\t\t\t<div class=\"elementor-spacer-inner\"><\/div>\n\t\t<\/div>\n\t\t\t\t\t\t<\/div>\n\t\t\t\t<\/div>\n\t\t\t\t\t<\/div>\n\t\t<\/div>\n\t\t\t\t\t<\/div>\n\t\t<\/section>\n\t\t\t\t<section class=\"elementor-section elementor-top-section elementor-element elementor-element-d8a45bf elementor-section-boxed elementor-section-height-default elementor-section-height-default\" data-id=\"d8a45bf\" data-element_type=\"section\">\n\t\t\t\t\t\t<div class=\"elementor-container elementor-column-gap-default\">\n\t\t\t\t\t<div class=\"elementor-column elementor-col-100 elementor-top-column elementor-element elementor-element-e2ab7ca\" data-id=\"e2ab7ca\" data-element_type=\"column\">\n\t\t\t<div class=\"elementor-widget-wrap elementor-element-populated\">\n\t\t\t\t\t\t<div class=\"elementor-element elementor-element-1485d2c elementor-widget elementor-widget-heading\" data-id=\"1485d2c\" data-element_type=\"widget\" data-widget_type=\"heading.default\">\n\t\t\t\t<div class=\"elementor-widget-container\">\n\t\t\t\t\t<h2 class=\"elementor-heading-title elementor-size-default\">Explora nuestras soluciones personalizadas<\/h2>\t\t\t\t<\/div>\n\t\t\t\t<\/div>\n\t\t\t\t<div class=\"elementor-element elementor-element-384b30a elementor-widget elementor-widget-text-editor\" data-id=\"384b30a\" data-element_type=\"widget\" data-widget_type=\"text-editor.default\">\n\t\t\t\t<div class=\"elementor-widget-container\">\n\t\t\t\t\t\t\t\t\t<p>Si tienes un desaf\u00edo o proyecto espec\u00edfico en mente que no est\u00e1 cubierto por nuestros servicios existentes, \u00a1nos encantar\u00eda saber de ti! Analicemos c\u00f3mo podemos trabajar juntos para crear una soluci\u00f3n que satisfaga tus necesidades.<\/p><p>Haz clic en el bot\u00f3n de abajo para visitar nuestra p\u00e1gina de contacto y completar el formulario. Nuestro equipo se pondr\u00e1 en contacto contigo lo antes posible para analizar c\u00f3mo podemos ayudarte a alcanzar tus objetivos comerciales.<\/p>\t\t\t\t\t\t\t\t<\/div>\n\t\t\t\t<\/div>\n\t\t\t\t<div class=\"elementor-element elementor-element-8959789 elementor-align-center elementor-widget elementor-widget-button\" data-id=\"8959789\" data-element_type=\"widget\" data-widget_type=\"button.default\">\n\t\t\t\t<div class=\"elementor-widget-container\">\n\t\t\t\t\t\t\t\t\t<div class=\"elementor-button-wrapper\">\n\t\t\t\t\t<a class=\"elementor-button elementor-button-link elementor-size-sm\" href=\"https:\/\/charmmedia.net\/es\/contactenos\/\">\n\t\t\t\t\t\t<span class=\"elementor-button-content-wrapper\">\n\t\t\t\t\t\t\t\t\t<span class=\"elementor-button-text\">Cont\u00e1ctenos <\/span>\n\t\t\t\t\t<\/span>\n\t\t\t\t\t<\/a>\n\t\t\t\t<\/div>\n\t\t\t\t\t\t\t\t<\/div>\n\t\t\t\t<\/div>\n\t\t\t\t\t<\/div>\n\t\t<\/div>\n\t\t\t\t\t<\/div>\n\t\t<\/section>\n\t\t\t\t<\/div>","protected":false},"excerpt":{"rendered":"<p>Custom Solutions Tailored to Your Needs We understand that every business is unique, and sometimes you may need specialized services that go beyond our standard offerings. Whether you\u2019re looking for a unique marketing strategy, a specialized consulting service, or innovative solutions tailored to your specific challenges, we are here to help! Quality Custom Solutions Tailored [&hellip;]<\/p>","protected":false},"author":3,"featured_media":0,"parent":110,"menu_order":0,"comment_status":"closed","ping_status":"closed","template":"","meta":{"footnotes":""},"class_list":["post-279","page","type-page","status-publish","hentry"],"_links":{"self":[{"href":"https:\/\/charmmedia.net\/es\/wp-json\/wp\/v2\/pages\/279","targetHints":{"allow":["GET"]}}],"collection":[{"href":"https:\/\/charmmedia.net\/es\/wp-json\/wp\/v2\/pages"}],"about":[{"href":"https:\/\/charmmedia.net\/es\/wp-json\/wp\/v2\/types\/page"}],"author":[{"embeddable":true,"href":"https:\/\/charmmedia.net\/es\/wp-json\/wp\/v2\/users\/3"}],"replies":[{"embeddable":true,"href":"https:\/\/charmmedia.net\/es\/wp-json\/wp\/v2\/comments?post=279"}],"version-history":[{"count":13,"href":"https:\/\/charmmedia.net\/es\/wp-json\/wp\/v2\/pages\/279\/revisions"}],"predecessor-version":[{"id":455,"href":"https:\/\/charmmedia.net\/es\/wp-json\/wp\/v2\/pages\/279\/revisions\/455"}],"up":[{"embeddable":true,"href":"https:\/\/charmmedia.net\/es\/wp-json\/wp\/v2\/pages\/110"}],"wp:attachment":[{"href":"https:\/\/charmmedia.net\/es\/wp-json\/wp\/v2\/media?parent=279"}],"curies":[{"name":"wp","href":"https:\/\/api.w.org\/{rel}","templated":true}]}}