{"id":3,"date":"2023-06-28T15:31:46","date_gmt":"2023-06-28T15:31:46","guid":{"rendered":"https:\/\/charmmedia.net\/?page_id=3"},"modified":"2024-08-14T05:37:03","modified_gmt":"2024-08-14T05:37:03","slug":"politica-de-privacidad","status":"publish","type":"page","link":"https:\/\/charmmedia.net\/es\/politica-de-privacidad\/","title":{"rendered":"Pol\u00edtica de Privacidad"},"content":{"rendered":"<div data-elementor-type=\"wp-page\" data-elementor-id=\"3\" class=\"elementor elementor-3\" data-elementor-post-type=\"page\">\n\t\t\t\t\t\t<section class=\"elementor-section elementor-top-section elementor-element elementor-element-143b372 elementor-section-boxed elementor-section-height-default elementor-section-height-default\" data-id=\"143b372\" data-element_type=\"section\" data-settings=\"{&quot;background_background&quot;:&quot;classic&quot;}\">\n\t\t\t\t\t\t\t<div class=\"elementor-background-overlay\"><\/div>\n\t\t\t\t\t\t\t<div class=\"elementor-container elementor-column-gap-default\">\n\t\t\t\t\t<div class=\"elementor-column elementor-col-100 elementor-top-column elementor-element elementor-element-f6bfa11\" data-id=\"f6bfa11\" data-element_type=\"column\">\n\t\t\t<div class=\"elementor-widget-wrap elementor-element-populated\">\n\t\t\t\t\t\t<div class=\"elementor-element elementor-element-3b7eef3 elementor-widget elementor-widget-heading\" data-id=\"3b7eef3\" data-element_type=\"widget\" data-widget_type=\"heading.default\">\n\t\t\t\t<div class=\"elementor-widget-container\">\n\t\t\t\t\t<h1 class=\"elementor-heading-title elementor-size-default\">Pol\u00edtica de Privacidad<\/h1>\t\t\t\t<\/div>\n\t\t\t\t<\/div>\n\t\t\t\t\t<\/div>\n\t\t<\/div>\n\t\t\t\t\t<\/div>\n\t\t<\/section>\n\t\t\t\t<section class=\"elementor-section elementor-top-section elementor-element elementor-element-d301d06 elementor-section-boxed elementor-section-height-default elementor-section-height-default\" data-id=\"d301d06\" data-element_type=\"section\">\n\t\t\t\t\t\t<div class=\"elementor-container elementor-column-gap-default\">\n\t\t\t\t\t<div class=\"elementor-column elementor-col-100 elementor-top-column elementor-element elementor-element-00137b9\" data-id=\"00137b9\" data-element_type=\"column\">\n\t\t\t<div class=\"elementor-widget-wrap elementor-element-populated\">\n\t\t\t\t\t\t<div class=\"elementor-element elementor-element-3db2ffb elementor-widget elementor-widget-text-editor\" data-id=\"3db2ffb\" data-element_type=\"widget\" data-widget_type=\"text-editor.default\">\n\t\t\t\t<div class=\"elementor-widget-container\">\n\t\t\t\t\t\t\t\t\t<p><strong>\u00daltima actualizaci\u00f3n: 01 de agosto<sup>del<\/sup>, 2024<\/strong><\/p><p><strong>Introducci\u00f3n<\/strong><\/p><p>En Charm Media, nos comprometemos a proteger su privacidad y garantizar que su informaci\u00f3n personal se maneje de manera segura y responsable. Esta Pol\u00edtica de privacidad describe c\u00f3mo recopilamos, usamos, divulgamos y protegemos su informaci\u00f3n cuando visita nuestro sitio web, interact\u00faa con nuestros servicios o se comunica con nosotros. Al utilizar nuestro sitio web, usted acepta las pr\u00e1cticas descritas en esta pol\u00edtica.<\/p><p><strong>Informaci\u00f3n que recopilamos<\/strong><\/p><p>Podemos recopilar informaci\u00f3n personal de usted de varias maneras, incluso cuando usted:<\/p><p>- Rellena un formulario de contacto<\/p><p>- Interactuar con nuestro sitio web o servicios<\/p><p>Los tipos de informaci\u00f3n personal que podemos recopilar incluyen:<\/p><p>-Nombre<\/p><p>- Direcci\u00f3n de correo electr\u00f3nico<\/p><p>- N\u00famero de tel\u00e9fono<\/p><p>- Nombre de la empresa<\/p><p>- Cualquier otra informaci\u00f3n que nos proporcione<\/p><p><strong>\u00bfC\u00f3mo utilizamos su informaci\u00f3n?<\/strong><\/p><p>Podemos utilizar la informaci\u00f3n que recopilamos de usted para los siguientes fines:<\/p><p>- Para responder a sus consultas y proporcionar asistencia al cliente<\/p><p>- Para enviarle correos electr\u00f3nicos peri\u00f3dicos con respecto a su pedido u otros productos y servicios<\/p><p>- Para mejorar nuestro sitio web y nuestros servicios en funci\u00f3n de sus comentarios<\/p><p>- Para enviarle materiales promocionales y actualizaciones sobre nuestros servicios, si ha optado por recibirlos.<\/p><p><strong>Divulgaci\u00f3n de su informaci\u00f3n<\/strong><\/p><p>No vendemos, comercializamos ni transferimos su informaci\u00f3n personal a terceros sin su consentimiento, excepto en las siguientes circunstancias:<\/p><p>- Para cumplir con obligaciones legales, responder a citaciones o proteger nuestros derechos, propiedad o seguridad, o la de otros.<\/p><p><strong>Cookies y tecnolog\u00edas de seguimiento<\/strong><\/p><p>Nuestro sitio web utiliza cookies y tecnolog\u00edas de seguimiento similares para mejorar la experiencia del usuario y analizar el tr\u00e1fico del sitio web. Las cookies son peque\u00f1os archivos que un sitio o su proveedor de servicios transfiere al disco duro de su computadora a trav\u00e9s de su navegador web (si lo permite) que permite que los sistemas del sitio o del proveedor de servicios reconozcan su navegador y capturen y recuerden cierta informaci\u00f3n.<\/p><p><strong>Tipos de cookies que utilizamos:<\/strong><\/p><p>- Cookies esenciales: Estas cookies son necesarias para que el sitio web funcione correctamente y no se pueden desactivar en nuestros sistemas.<\/p><p>- Cookies de rendimiento: Estas cookies nos ayudan a comprender c\u00f3mo interact\u00faan los visitantes con nuestro sitio web mediante la recopilaci\u00f3n y el informe de informaci\u00f3n de forma an\u00f3nima.<\/p><p>- Cookies funcionales: Estas cookies permiten que el sitio web proporcione una funcionalidad y personalizaci\u00f3n mejoradas.<\/p><p>Puede elegir que su ordenador le avise cada vez que se env\u00ede una cookie o desactivar todas las cookies. Puede hacerlo a trav\u00e9s de la configuraci\u00f3n de su navegador. Sin embargo, si deshabilita las cookies, es posible que algunas funciones de nuestro sitio web no funcionen correctamente.<\/p><p><strong>Seguridad de su informaci\u00f3n<\/strong><\/p><p>Nos tomamos muy en serio la seguridad de su informaci\u00f3n personal e implementamos una variedad de medidas de seguridad para mantener la seguridad de su informaci\u00f3n personal. Sin embargo, ning\u00fan m\u00e9todo de transmisi\u00f3n a trav\u00e9s de Internet o m\u00e9todo de almacenamiento electr\u00f3nico es 100% seguro. Por lo tanto, aunque nos esforzamos por utilizar medios comercialmente aceptables para proteger su informaci\u00f3n personal, no podemos garantizar su seguridad absoluta.<\/p><p><strong>Para usuarios de Canad\u00e1<\/strong><\/p><p>Si usted es residente de Canad\u00e1, est\u00e1 protegido por la Ley de Protecci\u00f3n de Informaci\u00f3n Personal y Documentos Electr\u00f3nicos (PIPEDA). Esta ley le otorga los siguientes derechos:<\/p><p>- Acceso: Tiene derecho a solicitar acceso a la informaci\u00f3n personal que tenemos sobre usted.<\/p><p>- Correcci\u00f3n: Puede solicitar correcciones a cualquier inexactitud en su informaci\u00f3n personal.<\/p><p>- Retirada del consentimiento: Tiene derecho a retirar su consentimiento para el tratamiento de su informaci\u00f3n personal en cualquier momento, sujeto a restricciones legales o contractuales.<\/p><p><strong>Para usuarios de todo el mundo<\/strong><\/p><p>Para los usuarios fuera de Canad\u00e1, sus derechos con respecto a la informaci\u00f3n personal pueden variar en funci\u00f3n de las leyes y regulaciones locales. Sin embargo, muchas jurisdicciones otorgan derechos similares, entre ellos:<\/p><p>- Derecho de acceso: Puede solicitar acceso a la informaci\u00f3n personal que tenemos sobre usted.<\/p><p>- Derecho de rectificaci\u00f3n: Tiene derecho a solicitar correcciones a cualquier inexactitud en su informaci\u00f3n personal.<\/p><p>- Derecho de supresi\u00f3n: En determinadas circunstancias, puede solicitar la eliminaci\u00f3n de su informaci\u00f3n personal.<\/p><p>- Derecho a restringir el procesamiento: Es posible que tenga derecho a solicitar que restrinjamos el procesamiento de su informaci\u00f3n personal bajo condiciones espec\u00edficas.<\/p><p>- Derecho a la portabilidad de los datos: Puede solicitar recibir su informaci\u00f3n personal en un formato estructurado, de uso com\u00fan y legible por m\u00e1quina.<\/p><p><strong>\u00bfC\u00f3mo ejercer sus derechos?<\/strong><\/p><p>Para ejercer cualquiera de estos derechos, p\u00f3ngase en contacto con nosotros utilizando la informaci\u00f3n proporcionada en la secci\u00f3n \"Cont\u00e1ctanos\" de esta Pol\u00edtica de privacidad. Responderemos a su solicitud dentro de un plazo razonable y de acuerdo con las leyes aplicables.<\/p><p>Nos comprometemos a garantizar que se respeten sus derechos y que su informaci\u00f3n personal se maneje de conformidad con los marcos legales pertinentes. Si tiene alguna inquietud sobre c\u00f3mo manejamos su informaci\u00f3n personal, no dude en comunicarse con nosotros.<\/p><p><strong>Cambios a esta Pol\u00edtica de Privacidad<\/strong><\/p><p>Es posible que actualicemos esta Pol\u00edtica de Privacidad de vez en cuando. Le notificaremos cualquier cambio mediante la publicaci\u00f3n de la nueva Pol\u00edtica de privacidad en nuestro sitio web. Se le aconseja que revise esta Pol\u00edtica de Privacidad<\/p><p>Como usuario de nuestros servicios, usted tiene ciertos derechos con respecto a su informaci\u00f3n personal, que var\u00edan seg\u00fan su ubicaci\u00f3n.<\/p><p><strong>Charm Media <\/strong><\/p><p>Direcci\u00f3n: 5455 de Gaspe Ave, Suite 710, Montreal, Quebec, H2T 3B3.<\/p><p>Correo electr\u00f3nico: <a href=\"mailto:business@charmmedia.net\">business@charmmedia.net<\/a><\/p>\t\t\t\t\t\t\t\t<\/div>\n\t\t\t\t<\/div>\n\t\t\t\t\t<\/div>\n\t\t<\/div>\n\t\t\t\t\t<\/div>\n\t\t<\/section>\n\t\t\t\t<\/div>","protected":false},"excerpt":{"rendered":"<p>Privacy Policy Last updated: August 01st, 2024 Introduction At Charm Media, we are committed to protecting your privacy and ensuring that your personal information is handled in a safe and responsible manner. This Privacy Policy outlines how we collect, use, disclose, and safeguard your information when you visit our website, engage with our services, or [&hellip;]<\/p>","protected":false},"author":3,"featured_media":0,"parent":0,"menu_order":0,"comment_status":"closed","ping_status":"closed","template":"","meta":{"footnotes":""},"class_list":["post-3","page","type-page","status-publish","hentry"],"_links":{"self":[{"href":"https:\/\/charmmedia.net\/es\/wp-json\/wp\/v2\/pages\/3","targetHints":{"allow":["GET"]}}],"collection":[{"href":"https:\/\/charmmedia.net\/es\/wp-json\/wp\/v2\/pages"}],"about":[{"href":"https:\/\/charmmedia.net\/es\/wp-json\/wp\/v2\/types\/page"}],"author":[{"embeddable":true,"href":"https:\/\/charmmedia.net\/es\/wp-json\/wp\/v2\/users\/3"}],"replies":[{"embeddable":true,"href":"https:\/\/charmmedia.net\/es\/wp-json\/wp\/v2\/comments?post=3"}],"version-history":[{"count":8,"href":"https:\/\/charmmedia.net\/es\/wp-json\/wp\/v2\/pages\/3\/revisions"}],"predecessor-version":[{"id":483,"href":"https:\/\/charmmedia.net\/es\/wp-json\/wp\/v2\/pages\/3\/revisions\/483"}],"wp:attachment":[{"href":"https:\/\/charmmedia.net\/es\/wp-json\/wp\/v2\/media?parent=3"}],"curies":[{"name":"wp","href":"https:\/\/api.w.org\/{rel}","templated":true}]}}