{"id":3,"date":"2023-06-28T15:31:46","date_gmt":"2023-06-28T15:31:46","guid":{"rendered":"https:\/\/charmmedia.net\/?page_id=3"},"modified":"2024-08-14T05:37:03","modified_gmt":"2024-08-14T05:37:03","slug":"politique-de-confidentialite","status":"publish","type":"page","link":"https:\/\/charmmedia.net\/fr\/politique-de-confidentialite\/","title":{"rendered":"Politique de confidentialit\u00e9"},"content":{"rendered":"<div data-elementor-type=\"wp-page\" data-elementor-id=\"3\" class=\"elementor elementor-3\" data-elementor-post-type=\"page\">\n\t\t\t\t\t\t<section class=\"elementor-section elementor-top-section elementor-element elementor-element-143b372 elementor-section-boxed elementor-section-height-default elementor-section-height-default\" data-id=\"143b372\" data-element_type=\"section\" data-settings=\"{&quot;background_background&quot;:&quot;classic&quot;}\">\n\t\t\t\t\t\t\t<div class=\"elementor-background-overlay\"><\/div>\n\t\t\t\t\t\t\t<div class=\"elementor-container elementor-column-gap-default\">\n\t\t\t\t\t<div class=\"elementor-column elementor-col-100 elementor-top-column elementor-element elementor-element-f6bfa11\" data-id=\"f6bfa11\" data-element_type=\"column\">\n\t\t\t<div class=\"elementor-widget-wrap elementor-element-populated\">\n\t\t\t\t\t\t<div class=\"elementor-element elementor-element-3b7eef3 elementor-widget elementor-widget-heading\" data-id=\"3b7eef3\" data-element_type=\"widget\" data-widget_type=\"heading.default\">\n\t\t\t\t<div class=\"elementor-widget-container\">\n\t\t\t\t\t<h1 class=\"elementor-heading-title elementor-size-default\">Politique de confidentialit\u00e9<\/h1>\t\t\t\t<\/div>\n\t\t\t\t<\/div>\n\t\t\t\t\t<\/div>\n\t\t<\/div>\n\t\t\t\t\t<\/div>\n\t\t<\/section>\n\t\t\t\t<section class=\"elementor-section elementor-top-section elementor-element elementor-element-d301d06 elementor-section-boxed elementor-section-height-default elementor-section-height-default\" data-id=\"d301d06\" data-element_type=\"section\">\n\t\t\t\t\t\t<div class=\"elementor-container elementor-column-gap-default\">\n\t\t\t\t\t<div class=\"elementor-column elementor-col-100 elementor-top-column elementor-element elementor-element-00137b9\" data-id=\"00137b9\" data-element_type=\"column\">\n\t\t\t<div class=\"elementor-widget-wrap elementor-element-populated\">\n\t\t\t\t\t\t<div class=\"elementor-element elementor-element-3db2ffb elementor-widget elementor-widget-text-editor\" data-id=\"3db2ffb\" data-element_type=\"widget\" data-widget_type=\"text-editor.default\">\n\t\t\t\t<div class=\"elementor-widget-container\">\n\t\t\t\t\t\t\t\t\t<p><strong>Derni\u00e8re mise \u00e0 jour : ao\u00fbt 01<sup>ste<\/sup>, 2024<\/strong><\/p><p><strong>Introduction<\/strong><\/p><p>Chez Charm Media, nous nous engageons \u00e0 prot\u00e9ger votre vie priv\u00e9e et \u00e0 veiller \u00e0 ce que vos informations personnelles soient trait\u00e9es de mani\u00e8re s\u00fbre et responsable. La pr\u00e9sente politique de confidentialit\u00e9 d\u00e9crit la mani\u00e8re dont nous recueillons, utilisons, divulguons et prot\u00e9geons les informations vous concernant lorsque vous visitez notre site web, utilisez nos services ou communiquez avec nous. En utilisant notre site web, vous acceptez les pratiques d\u00e9crites dans cette politique.<\/p><p><strong>Informations collect\u00e9es<\/strong><\/p><p>Nous pouvons recueillir des informations personnelles aupr\u00e8s de vous de diff\u00e9rentes mani\u00e8res, notamment lorsque vous :<\/p><p>- Remplir un formulaire de contact<\/p><p>- Interagir avec notre site web ou nos services<\/p><p>Les types d'informations personnelles que nous pouvons collecter sont les suivants :<\/p><p>- Nom<\/p><p>- Adresse \u00e9lectronique<\/p><p>- Num\u00e9ro de t\u00e9l\u00e9phone<\/p><p>- Nom de l'entreprise<\/p><p>- Toute autre information que vous nous fournissez<\/p><p><strong>Comment nous utilisons vos informations<\/strong><\/p><p>Nous pouvons utiliser les informations que nous recueillons aupr\u00e8s de vous aux fins suivantes :<\/p><p>- Pour r\u00e9pondre \u00e0 vos demandes et fournir une assistance \u00e0 la client\u00e8le<\/p><p>- Pour vous envoyer des courriels p\u00e9riodiques concernant votre commande ou d'autres produits et services<\/p><p>- Am\u00e9liorer notre site web et nos services sur la base de vos commentaires<\/p><p>- pour vous envoyer du mat\u00e9riel promotionnel et des mises \u00e0 jour sur nos services, si vous avez choisi de les recevoir<\/p><p><strong>Divulgation de vos informations<\/strong><\/p><p>Nous ne vendons pas, n'\u00e9changeons pas et ne transf\u00e9rons pas vos informations personnelles \u00e0 des tiers sans votre consentement, sauf dans les circonstances suivantes :<\/p><p>- Respecter les obligations l\u00e9gales, r\u00e9pondre \u00e0 des citations \u00e0 compara\u00eetre ou prot\u00e9ger nos droits, notre propri\u00e9t\u00e9, notre s\u00e9curit\u00e9 ou celle d'autrui.<\/p><p><strong>Cookies et technologies de suivi<\/strong><\/p><p>Notre site web utilise des cookies et des technologies de suivi similaires pour am\u00e9liorer l'exp\u00e9rience de l'utilisateur et analyser le trafic du site web. Les cookies sont de petits fichiers qu'un site ou son fournisseur de services transf\u00e8re sur le disque dur de votre ordinateur par l'interm\u00e9diaire de votre navigateur web (si vous l'autorisez), ce qui permet aux syst\u00e8mes du site ou du fournisseur de services de reconna\u00eetre votre navigateur et de capturer et m\u00e9moriser certaines informations.<\/p><p><strong>Types de cookies que nous utilisons :<\/strong><\/p><p>- Cookies essentiels : Ces cookies sont n\u00e9cessaires au bon fonctionnement du site web et ne peuvent \u00eatre d\u00e9sactiv\u00e9s dans nos syst\u00e8mes.<\/p><p>- Cookies de performance : Ces cookies nous aident \u00e0 comprendre comment les visiteurs interagissent avec notre site web en collectant et en rapportant des informations de mani\u00e8re anonyme.<\/p><p>- Cookies fonctionnels : Ces cookies permettent au site web d'offrir une fonctionnalit\u00e9 et une personnalisation accrues.<\/p><p>Vous pouvez choisir de faire en sorte que votre ordinateur vous avertisse chaque fois qu'un cookie est envoy\u00e9 ou de d\u00e9sactiver tous les cookies. Vous pouvez le faire par le biais des param\u00e8tres de votre navigateur. Toutefois, si vous d\u00e9sactivez les cookies, certaines fonctionnalit\u00e9s de notre site web risquent de ne pas fonctionner correctement.<\/p><p><strong>S\u00e9curit\u00e9 de vos informations<\/strong><\/p><p>Nous prenons au s\u00e9rieux la s\u00e9curit\u00e9 de vos informations personnelles et mettons en \u0153uvre une s\u00e9rie de mesures de s\u00e9curit\u00e9 pour maintenir la s\u00e9curit\u00e9 de vos informations personnelles. Toutefois, aucune m\u00e9thode de transmission sur l'internet ou de stockage \u00e9lectronique n'est s\u00fbre \u00e0 100 %. Par cons\u00e9quent, bien que nous nous efforcions d'utiliser des moyens commercialement acceptables pour prot\u00e9ger vos informations personnelles, nous ne pouvons pas garantir leur s\u00e9curit\u00e9 absolue.<\/p><p><strong>Pour les utilisateurs au Canada<\/strong><\/p><p>Si vous r\u00e9sidez au Canada, vous \u00eates prot\u00e9g\u00e9 par la loi sur la protection des renseignements personnels et les documents \u00e9lectroniques (LPRPDE). Cette loi vous accorde les droits suivants :<\/p><p>- L'acc\u00e8s : Vous avez le droit de demander l'acc\u00e8s aux informations personnelles que nous d\u00e9tenons \u00e0 votre sujet.<\/p><p>- Correction : Vous pouvez demander la correction de toute inexactitude dans vos donn\u00e9es personnelles.<\/p><p>- Retrait du consentement : Vous avez le droit de retirer votre consentement au traitement de vos informations personnelles \u00e0 tout moment, sous r\u00e9serve de restrictions l\u00e9gales ou contractuelles.<\/p><p><strong>Pour les utilisateurs du monde entier<\/strong><\/p><p>Pour les utilisateurs hors du Canada, vos droits en mati\u00e8re d'informations personnelles peuvent varier en fonction des lois et r\u00e9glementations locales. Toutefois, de nombreuses juridictions accordent des droits similaires, notamment :<\/p><p>- Droit d'acc\u00e8s : Vous pouvez demander l'acc\u00e8s aux informations personnelles que nous d\u00e9tenons \u00e0 votre sujet.<\/p><p>- Droit de rectification : Vous avez le droit de demander la correction de toute inexactitude dans vos informations personnelles.<\/p><p>- Droit \u00e0 l'effacement : dans certaines circonstances, vous pouvez demander l'effacement de vos informations personnelles.<\/p><p>- Droit de restreindre le traitement : Vous pouvez avoir le droit de demander que nous limitions le traitement de vos informations personnelles dans des conditions sp\u00e9cifiques.<\/p><p>- Droit \u00e0 la portabilit\u00e9 des donn\u00e9es : Vous pouvez demander \u00e0 recevoir vos informations personnelles dans un format structur\u00e9, couramment utilis\u00e9 et lisible par machine.<\/p><p><strong>Comment exercer vos droits<\/strong><\/p><p>Pour exercer l'un de ces droits, veuillez nous contacter en utilisant les informations fournies dans la section \u00ab Contactez-nous \u00bb de la pr\u00e9sente politique de confidentialit\u00e9. Nous r\u00e9pondrons \u00e0 votre demande dans un d\u00e9lai raisonnable et conform\u00e9ment aux lois applicables.<\/p><p>Nous nous engageons \u00e0 veiller \u00e0 ce que vos droits soient respect\u00e9s et \u00e0 ce que vos informations personnelles soient trait\u00e9es conform\u00e9ment aux cadres juridiques pertinents. Si vous avez des doutes sur la mani\u00e8re dont nous traitons vos informations personnelles, n'h\u00e9sitez pas \u00e0 nous contacter.<\/p><p><strong>Modifications de la pr\u00e9sente politique de confidentialit\u00e9<\/strong><\/p><p>Nous pouvons mettre \u00e0 jour la pr\u00e9sente politique de confidentialit\u00e9 de temps \u00e0 autre. Nous vous informerons de toute modification en publiant la nouvelle politique de confidentialit\u00e9 sur notre site web. Nous vous conseillons de consulter cette politique de confidentialit\u00e9<\/p><p>En tant qu'utilisateur de nos services, vous disposez de certains droits concernant vos informations personnelles, qui varient en fonction de votre lieu de r\u00e9sidence.<\/p><p><strong>Charm Media <\/strong><\/p><p>Adresse : 5455, avenue de Gasp\u00e9, bureau 710, Montr\u00e9al, Qu\u00e9bec, H2T 3B3 :  5455, avenue de Gasp\u00e9, bureau 710, Montr\u00e9al, Qu\u00e9bec, H2T 3B3.<\/p><p>Courriel : <a href=\"mailto:business@charmmedia.net\">business@charmmedia.net<\/a><\/p>\t\t\t\t\t\t\t\t<\/div>\n\t\t\t\t<\/div>\n\t\t\t\t\t<\/div>\n\t\t<\/div>\n\t\t\t\t\t<\/div>\n\t\t<\/section>\n\t\t\t\t<\/div>","protected":false},"excerpt":{"rendered":"<p>Privacy Policy Last updated: August 01st, 2024 Introduction At Charm Media, we are committed to protecting your privacy and ensuring that your personal information is handled in a safe and responsible manner. This Privacy Policy outlines how we collect, use, disclose, and safeguard your information when you visit our website, engage with our services, or [&hellip;]<\/p>","protected":false},"author":3,"featured_media":0,"parent":0,"menu_order":0,"comment_status":"closed","ping_status":"closed","template":"","meta":{"footnotes":""},"class_list":["post-3","page","type-page","status-publish","hentry"],"_links":{"self":[{"href":"https:\/\/charmmedia.net\/fr\/wp-json\/wp\/v2\/pages\/3","targetHints":{"allow":["GET"]}}],"collection":[{"href":"https:\/\/charmmedia.net\/fr\/wp-json\/wp\/v2\/pages"}],"about":[{"href":"https:\/\/charmmedia.net\/fr\/wp-json\/wp\/v2\/types\/page"}],"author":[{"embeddable":true,"href":"https:\/\/charmmedia.net\/fr\/wp-json\/wp\/v2\/users\/3"}],"replies":[{"embeddable":true,"href":"https:\/\/charmmedia.net\/fr\/wp-json\/wp\/v2\/comments?post=3"}],"version-history":[{"count":8,"href":"https:\/\/charmmedia.net\/fr\/wp-json\/wp\/v2\/pages\/3\/revisions"}],"predecessor-version":[{"id":483,"href":"https:\/\/charmmedia.net\/fr\/wp-json\/wp\/v2\/pages\/3\/revisions\/483"}],"wp:attachment":[{"href":"https:\/\/charmmedia.net\/fr\/wp-json\/wp\/v2\/media?parent=3"}],"curies":[{"name":"wp","href":"https:\/\/api.w.org\/{rel}","templated":true}]}}